{"id":340,"date":"2024-04-24T14:31:39","date_gmt":"2024-04-24T14:31:39","guid":{"rendered":"https:\/\/emesshop.ch\/schmuck2\/?post_type=product&#038;p=340"},"modified":"2024-04-24T14:31:40","modified_gmt":"2024-04-24T14:31:40","slug":"1-mm-kuegeli-kette-mit-blatt-und-kirschbluetenachat","status":"publish","type":"product","link":"https:\/\/emesshop.ch\/schmuck2\/index.php\/produkt\/1-mm-kuegeli-kette-mit-blatt-und-kirschbluetenachat\/","title":{"rendered":"1 mm K\u00fcgeli-Kette mit Blatt und Kirschbl\u00fctenachat"},"content":{"rendered":"<p>Kette: 1 mm K\u00fcgeli 925 Silber 60 cm<\/p>\n<p>Anh\u00e4nger: Silber Blatt filigran, 925 Silber, mit Kirschbl\u00fcten Achat, Kugel 6 mm<\/p>\n<div id='gallery-1' class='gallery galleryid-340 gallery-columns-3 gallery-size-thumbnail'><figure class='gallery-item'>\n\t\t\t<div class='gallery-icon landscape'>\n\t\t\t\t<a href='https:\/\/emesshop.ch\/schmuck2\/?attachment_id=343'><img width=\"150\" height=\"150\" src=\"https:\/\/emesshop.ch\/schmuck2\/wp-content\/uploads\/2024\/04\/silberblatt-anhaenger-150x150.png\" class=\"attachment-thumbnail size-thumbnail\" alt=\"\" decoding=\"async\" loading=\"lazy\" srcset=\"https:\/\/emesshop.ch\/schmuck2\/wp-content\/uploads\/2024\/04\/silberblatt-anhaenger-150x150.png 150w, https:\/\/emesshop.ch\/schmuck2\/wp-content\/uploads\/2024\/04\/silberblatt-anhaenger-100x100.png 100w\" sizes=\"(max-width: 150px) 100vw, 150px\" \/><\/a>\n\t\t\t<\/div><\/figure><figure class='gallery-item'>\n\t\t\t<div class='gallery-icon landscape'>\n\t\t\t\t<a href='https:\/\/emesshop.ch\/schmuck2\/?attachment_id=344'><img width=\"150\" height=\"150\" src=\"https:\/\/emesshop.ch\/schmuck2\/wp-content\/uploads\/2024\/04\/filigranes-silberblatt-mit-achat-150x150.png\" class=\"attachment-thumbnail size-thumbnail\" alt=\"\" decoding=\"async\" loading=\"lazy\" srcset=\"https:\/\/emesshop.ch\/schmuck2\/wp-content\/uploads\/2024\/04\/filigranes-silberblatt-mit-achat-150x150.png 150w, https:\/\/emesshop.ch\/schmuck2\/wp-content\/uploads\/2024\/04\/filigranes-silberblatt-mit-achat-100x100.png 100w\" sizes=\"(max-width: 150px) 100vw, 150px\" \/><\/a>\n\t\t\t<\/div><\/figure><figure class='gallery-item'>\n\t\t\t<div class='gallery-icon landscape'>\n\t\t\t\t<a href='https:\/\/emesshop.ch\/schmuck2\/?attachment_id=341'><img width=\"150\" height=\"150\" src=\"https:\/\/emesshop.ch\/schmuck2\/wp-content\/uploads\/2024\/04\/silberblatt-mit-kirschblueten-achat-150x150.png\" class=\"attachment-thumbnail size-thumbnail\" alt=\"feine Silberkette mit Anh\u00e4nger Silberblatt filigran und Kirschbl\u00fcten Achat\" decoding=\"async\" loading=\"lazy\" srcset=\"https:\/\/emesshop.ch\/schmuck2\/wp-content\/uploads\/2024\/04\/silberblatt-mit-kirschblueten-achat-150x150.png 150w, https:\/\/emesshop.ch\/schmuck2\/wp-content\/uploads\/2024\/04\/silberblatt-mit-kirschblueten-achat-100x100.png 100w\" sizes=\"(max-width: 150px) 100vw, 150px\" \/><\/a>\n\t\t\t<\/div><\/figure>\n\t\t<\/div>\n\n","protected":false},"excerpt":{"rendered":"<p>Kette: 1 mm K\u00fcgeli 925 Silber 60 cm Anh\u00e4nger: Silber Blatt filigran, 925 Silber, mit Kirschbl\u00fcten Achat, Kugel 6 mm<\/p>\n","protected":false},"featured_media":341,"template":"","meta":[],"_links":{"self":[{"href":"https:\/\/emesshop.ch\/schmuck2\/index.php\/wp-json\/wp\/v2\/product\/340"}],"collection":[{"href":"https:\/\/emesshop.ch\/schmuck2\/index.php\/wp-json\/wp\/v2\/product"}],"about":[{"href":"https:\/\/emesshop.ch\/schmuck2\/index.php\/wp-json\/wp\/v2\/types\/product"}],"wp:featuredmedia":[{"embeddable":true,"href":"https:\/\/emesshop.ch\/schmuck2\/index.php\/wp-json\/wp\/v2\/media\/341"}],"wp:attachment":[{"href":"https:\/\/emesshop.ch\/schmuck2\/index.php\/wp-json\/wp\/v2\/media?parent=340"}],"curies":[{"name":"wp","href":"https:\/\/api.w.org\/{rel}","templated":true}]}}