{"id":34,"date":"2020-09-21T19:29:43","date_gmt":"2020-09-21T19:29:43","guid":{"rendered":"https:\/\/emesshop.ch\/schmuck2\/?post_type=product&#038;p=34"},"modified":"2024-04-18T14:01:05","modified_gmt":"2024-04-18T14:01:05","slug":"silberherz-filigran","status":"publish","type":"product","link":"https:\/\/emesshop.ch\/schmuck2\/index.php\/produkt\/silberherz-filigran\/","title":{"rendered":"Mini Anh\u00e4nger L\u00f6we"},"content":{"rendered":"<p>Anh\u00e4nger L\u00f6we, 999 Silber geschw\u00e4rzt, 1.5 cm<\/p>\n<div id='gallery-1' class='gallery galleryid-34 gallery-columns-3 gallery-size-thumbnail'><figure class='gallery-item'>\n\t\t\t<div class='gallery-icon landscape'>\n\t\t\t\t<a href='https:\/\/emesshop.ch\/schmuck2\/?attachment_id=318'><img width=\"150\" height=\"150\" src=\"https:\/\/emesshop.ch\/schmuck2\/wp-content\/uploads\/2020\/09\/mini-anhaenger-loewe-150x150.png\" class=\"attachment-thumbnail size-thumbnail\" alt=\"\" decoding=\"async\" loading=\"lazy\" srcset=\"https:\/\/emesshop.ch\/schmuck2\/wp-content\/uploads\/2020\/09\/mini-anhaenger-loewe-150x150.png 150w, https:\/\/emesshop.ch\/schmuck2\/wp-content\/uploads\/2020\/09\/mini-anhaenger-loewe-100x100.png 100w\" sizes=\"(max-width: 150px) 100vw, 150px\" \/><\/a>\n\t\t\t<\/div><\/figure>\n\t\t<\/div>\n\n","protected":false},"excerpt":{"rendered":"<p>Anh\u00e4nger L\u00f6we, 999 Silber geschw\u00e4rzt, 1.5 cm<\/p>\n","protected":false},"featured_media":317,"template":"","meta":[],"_links":{"self":[{"href":"https:\/\/emesshop.ch\/schmuck2\/index.php\/wp-json\/wp\/v2\/product\/34"}],"collection":[{"href":"https:\/\/emesshop.ch\/schmuck2\/index.php\/wp-json\/wp\/v2\/product"}],"about":[{"href":"https:\/\/emesshop.ch\/schmuck2\/index.php\/wp-json\/wp\/v2\/types\/product"}],"wp:featuredmedia":[{"embeddable":true,"href":"https:\/\/emesshop.ch\/schmuck2\/index.php\/wp-json\/wp\/v2\/media\/317"}],"wp:attachment":[{"href":"https:\/\/emesshop.ch\/schmuck2\/index.php\/wp-json\/wp\/v2\/media?parent=34"}],"curies":[{"name":"wp","href":"https:\/\/api.w.org\/{rel}","templated":true}]}}