{"id":322,"date":"2024-04-18T14:34:00","date_gmt":"2024-04-18T14:34:00","guid":{"rendered":"https:\/\/emesshop.ch\/schmuck2\/?post_type=product&#038;p=322"},"modified":"2024-04-18T14:40:46","modified_gmt":"2024-04-18T14:40:46","slug":"322","status":"publish","type":"product","link":"https:\/\/emesshop.ch\/schmuck2\/index.php\/produkt\/322\/","title":{"rendered":"Silberanh\u00e4nger Drache an Lavastein Kette"},"content":{"rendered":"<p>Kette: Lavasteine 6 mm und Silberteile, L\u00e4nge 52 cm, mit Karabinerverschluss<\/p>\n<p>Anh\u00e4nger: 999 Silber mit Drache, geschw\u00e4rzt, D: 2.5 cm<\/p>\n<div id='gallery-1' class='gallery galleryid-322 gallery-columns-3 gallery-size-thumbnail'><figure class='gallery-item'>\n\t\t\t<div class='gallery-icon landscape'>\n\t\t\t\t<a href='https:\/\/emesshop.ch\/schmuck2\/?attachment_id=324'><img width=\"150\" height=\"150\" src=\"https:\/\/emesshop.ch\/schmuck2\/wp-content\/uploads\/2024\/04\/lavakette-mit-silberanhaenger-drache-1-150x150.png\" class=\"attachment-thumbnail size-thumbnail\" alt=\"\" decoding=\"async\" loading=\"lazy\" srcset=\"https:\/\/emesshop.ch\/schmuck2\/wp-content\/uploads\/2024\/04\/lavakette-mit-silberanhaenger-drache-1-150x150.png 150w, https:\/\/emesshop.ch\/schmuck2\/wp-content\/uploads\/2024\/04\/lavakette-mit-silberanhaenger-drache-1-100x100.png 100w\" sizes=\"(max-width: 150px) 100vw, 150px\" \/><\/a>\n\t\t\t<\/div><\/figure><figure class='gallery-item'>\n\t\t\t<div class='gallery-icon landscape'>\n\t\t\t\t<a href='https:\/\/emesshop.ch\/schmuck2\/?attachment_id=325'><img width=\"150\" height=\"150\" src=\"https:\/\/emesshop.ch\/schmuck2\/wp-content\/uploads\/2024\/04\/lavakette-silberanhaenger-drache-150x150.png\" class=\"attachment-thumbnail size-thumbnail\" alt=\"\" decoding=\"async\" loading=\"lazy\" srcset=\"https:\/\/emesshop.ch\/schmuck2\/wp-content\/uploads\/2024\/04\/lavakette-silberanhaenger-drache-150x150.png 150w, https:\/\/emesshop.ch\/schmuck2\/wp-content\/uploads\/2024\/04\/lavakette-silberanhaenger-drache-100x100.png 100w\" sizes=\"(max-width: 150px) 100vw, 150px\" \/><\/a>\n\t\t\t<\/div><\/figure><figure class='gallery-item'>\n\t\t\t<div class='gallery-icon landscape'>\n\t\t\t\t<a href='https:\/\/emesshop.ch\/schmuck2\/?attachment_id=327'><img width=\"150\" height=\"150\" src=\"https:\/\/emesshop.ch\/schmuck2\/wp-content\/uploads\/2024\/04\/lavakette-mit-drache-150x150.png\" class=\"attachment-thumbnail size-thumbnail\" alt=\"\" decoding=\"async\" loading=\"lazy\" srcset=\"https:\/\/emesshop.ch\/schmuck2\/wp-content\/uploads\/2024\/04\/lavakette-mit-drache-150x150.png 150w, https:\/\/emesshop.ch\/schmuck2\/wp-content\/uploads\/2024\/04\/lavakette-mit-drache-100x100.png 100w\" sizes=\"(max-width: 150px) 100vw, 150px\" \/><\/a>\n\t\t\t<\/div><\/figure>\n\t\t<\/div>\n\n","protected":false},"excerpt":{"rendered":"<p>Kette: Lavasteine 6 mm und Silberteile, L\u00e4nge 52 cm, mit Karabinerverschluss Anh\u00e4nger: 999 Silber mit Drache, geschw\u00e4rzt, D: 2.5 cm<\/p>\n","protected":false},"featured_media":323,"template":"","meta":[],"_links":{"self":[{"href":"https:\/\/emesshop.ch\/schmuck2\/index.php\/wp-json\/wp\/v2\/product\/322"}],"collection":[{"href":"https:\/\/emesshop.ch\/schmuck2\/index.php\/wp-json\/wp\/v2\/product"}],"about":[{"href":"https:\/\/emesshop.ch\/schmuck2\/index.php\/wp-json\/wp\/v2\/types\/product"}],"wp:featuredmedia":[{"embeddable":true,"href":"https:\/\/emesshop.ch\/schmuck2\/index.php\/wp-json\/wp\/v2\/media\/323"}],"wp:attachment":[{"href":"https:\/\/emesshop.ch\/schmuck2\/index.php\/wp-json\/wp\/v2\/media?parent=322"}],"curies":[{"name":"wp","href":"https:\/\/api.w.org\/{rel}","templated":true}]}}