{"id":222,"date":"2023-12-09T10:32:02","date_gmt":"2023-12-09T10:32:02","guid":{"rendered":"https:\/\/emesshop.ch\/schmuck2\/?post_type=product&#038;p=222"},"modified":"2023-12-09T10:32:03","modified_gmt":"2023-12-09T10:32:03","slug":"silberkette-fee-im-stern","status":"publish","type":"product","link":"https:\/\/emesshop.ch\/schmuck2\/index.php\/produkt\/silberkette-fee-im-stern\/","title":{"rendered":"Silberkette &#8220; Fee im Stern&#8220;"},"content":{"rendered":"","protected":false},"excerpt":{"rendered":"<p>Feine Silberkette (925) mit 2 mm Silberk\u00fcgeli, L\u00e4nge: 54 cm , andere L\u00e4ngen k\u00f6nnen bei der Bestellung angegeben werden<\/p>\n<p>Anh\u00e4nger Silber (999) Stern mit Fee, Gr\u00f6sse 2,5 cm<\/p>\n","protected":false},"featured_media":223,"template":"","meta":[],"_links":{"self":[{"href":"https:\/\/emesshop.ch\/schmuck2\/index.php\/wp-json\/wp\/v2\/product\/222"}],"collection":[{"href":"https:\/\/emesshop.ch\/schmuck2\/index.php\/wp-json\/wp\/v2\/product"}],"about":[{"href":"https:\/\/emesshop.ch\/schmuck2\/index.php\/wp-json\/wp\/v2\/types\/product"}],"wp:featuredmedia":[{"embeddable":true,"href":"https:\/\/emesshop.ch\/schmuck2\/index.php\/wp-json\/wp\/v2\/media\/223"}],"wp:attachment":[{"href":"https:\/\/emesshop.ch\/schmuck2\/index.php\/wp-json\/wp\/v2\/media?parent=222"}],"curies":[{"name":"wp","href":"https:\/\/api.w.org\/{rel}","templated":true}]}}