{"id":201,"date":"2023-11-01T16:23:22","date_gmt":"2023-11-01T16:23:22","guid":{"rendered":"https:\/\/emesshop.ch\/schmuck2\/?post_type=product&#038;p=201"},"modified":"2023-11-01T16:29:56","modified_gmt":"2023-11-01T16:29:56","slug":"raeuchermischung-mut","status":"publish","type":"product","link":"https:\/\/emesshop.ch\/schmuck2\/index.php\/produkt\/raeuchermischung-mut\/","title":{"rendered":"R\u00e4uchermischung *MUT*"},"content":{"rendered":"<p>*Stelle dich deiner Angst und strahle mutig dein Licht in die Welt. Befreie dich von allen Abh\u00e4ngigkeiten und erkenne dass du alleine die Macht hast dein Leben zu \u00e4ndern. Nimm dir zeit die Botschaften deiner Seele zu empfangen und zu verstehen und gehe dann mutig deinen Weg.<\/p>\n<p>Inhalt: Weihrauch aus Oman (Shaabi und Hojari), Albispasskr\u00e4uter wie M\u00e4des\u00fcss und rote Lichtnelke und Kr\u00e4uter vom Zauberberg<\/p>\n<p>Gemischt und abgef\u00fcllt am 9.10.2023; 30 gr.<\/p>\n","protected":false},"excerpt":{"rendered":"<p>*Stelle dich deiner Angst und strahle mutig dein Licht in die Welt. Befreie dich von allen Abh\u00e4ngigkeiten und erkenne dass du alleine die Macht hast dein Leben zu \u00e4ndern. Nimm dir zeit die Botschaften deiner Seele zu empfangen und zu verstehen und gehe dann mutig deinen Weg. Inhalt: Weihrauch aus Oman (Shaabi und Hojari), Albispasskr\u00e4uter<\/p>\n<div class=\"more-link\">\n             <a href=\"https:\/\/emesshop.ch\/schmuck2\/index.php\/produkt\/raeuchermischung-mut\/\" class=\"btn btn-theme\">Weiterlesen<i class=\"fa fa-fw fa-long-arrow-right\"><\/i><\/a>\n        <\/div>\n","protected":false},"featured_media":202,"template":"","meta":[],"_links":{"self":[{"href":"https:\/\/emesshop.ch\/schmuck2\/index.php\/wp-json\/wp\/v2\/product\/201"}],"collection":[{"href":"https:\/\/emesshop.ch\/schmuck2\/index.php\/wp-json\/wp\/v2\/product"}],"about":[{"href":"https:\/\/emesshop.ch\/schmuck2\/index.php\/wp-json\/wp\/v2\/types\/product"}],"wp:featuredmedia":[{"embeddable":true,"href":"https:\/\/emesshop.ch\/schmuck2\/index.php\/wp-json\/wp\/v2\/media\/202"}],"wp:attachment":[{"href":"https:\/\/emesshop.ch\/schmuck2\/index.php\/wp-json\/wp\/v2\/media?parent=201"}],"curies":[{"name":"wp","href":"https:\/\/api.w.org\/{rel}","templated":true}]}}