{"id":194,"date":"2023-11-01T16:04:18","date_gmt":"2023-11-01T16:04:18","guid":{"rendered":"https:\/\/emesshop.ch\/schmuck2\/?post_type=product&#038;p=194"},"modified":"2023-11-01T16:05:33","modified_gmt":"2023-11-01T16:05:33","slug":"raeucherstoevchen-engelsfluegel-natur-gold","status":"publish","type":"product","link":"https:\/\/emesshop.ch\/schmuck2\/index.php\/produkt\/raeucherstoevchen-engelsfluegel-natur-gold\/","title":{"rendered":"R\u00e4ucherst\u00f6vchen Engelsfl\u00fcgel natur \/ gold"},"content":{"rendered":"<p>H\u00f6he: 13 cm<\/p>\n<p>Durchmesser: 10 cm<\/p>\n","protected":false},"excerpt":{"rendered":"<p>H\u00f6he: 13 cm Durchmesser: 10 cm<\/p>\n","protected":false},"featured_media":195,"template":"","meta":[],"_links":{"self":[{"href":"https:\/\/emesshop.ch\/schmuck2\/index.php\/wp-json\/wp\/v2\/product\/194"}],"collection":[{"href":"https:\/\/emesshop.ch\/schmuck2\/index.php\/wp-json\/wp\/v2\/product"}],"about":[{"href":"https:\/\/emesshop.ch\/schmuck2\/index.php\/wp-json\/wp\/v2\/types\/product"}],"wp:featuredmedia":[{"embeddable":true,"href":"https:\/\/emesshop.ch\/schmuck2\/index.php\/wp-json\/wp\/v2\/media\/195"}],"wp:attachment":[{"href":"https:\/\/emesshop.ch\/schmuck2\/index.php\/wp-json\/wp\/v2\/media?parent=194"}],"curies":[{"name":"wp","href":"https:\/\/api.w.org\/{rel}","templated":true}]}}