{"id":192,"date":"2023-11-01T16:02:00","date_gmt":"2023-11-01T16:02:00","guid":{"rendered":"https:\/\/emesshop.ch\/schmuck2\/?post_type=product&#038;p=192"},"modified":"2023-11-01T16:02:56","modified_gmt":"2023-11-01T16:02:56","slug":"raeucherstoevchen-mit-ornament-und-zirkonias","status":"publish","type":"product","link":"https:\/\/emesshop.ch\/schmuck2\/index.php\/produkt\/raeucherstoevchen-mit-ornament-und-zirkonias\/","title":{"rendered":"R\u00e4ucherst\u00f6vchen mit Ornament und Zirkonias"},"content":{"rendered":"<p>H\u00f6he: 13 cm<\/p>\n<p>Durchmesser: 10 cm<\/p>\n","protected":false},"excerpt":{"rendered":"<p>H\u00f6he: 13 cm Durchmesser: 10 cm<\/p>\n","protected":false},"featured_media":193,"template":"","meta":[],"_links":{"self":[{"href":"https:\/\/emesshop.ch\/schmuck2\/index.php\/wp-json\/wp\/v2\/product\/192"}],"collection":[{"href":"https:\/\/emesshop.ch\/schmuck2\/index.php\/wp-json\/wp\/v2\/product"}],"about":[{"href":"https:\/\/emesshop.ch\/schmuck2\/index.php\/wp-json\/wp\/v2\/types\/product"}],"wp:featuredmedia":[{"embeddable":true,"href":"https:\/\/emesshop.ch\/schmuck2\/index.php\/wp-json\/wp\/v2\/media\/193"}],"wp:attachment":[{"href":"https:\/\/emesshop.ch\/schmuck2\/index.php\/wp-json\/wp\/v2\/media?parent=192"}],"curies":[{"name":"wp","href":"https:\/\/api.w.org\/{rel}","templated":true}]}}