{"id":185,"date":"2023-11-01T15:50:09","date_gmt":"2023-11-01T15:50:09","guid":{"rendered":"https:\/\/emesshop.ch\/schmuck2\/?post_type=product&#038;p=185"},"modified":"2023-11-01T15:50:09","modified_gmt":"2023-11-01T15:50:09","slug":"raeucherstoevchen-mit-rosa-zirkonia","status":"publish","type":"product","link":"https:\/\/emesshop.ch\/schmuck2\/index.php\/produkt\/raeucherstoevchen-mit-rosa-zirkonia\/","title":{"rendered":"R\u00e4ucherst\u00f6vchen mit Rosa Zirkonia"},"content":{"rendered":"<p>H\u00f6he: 13 cm<\/p>\n<p>Durchmesser: 10 cm<\/p>\n","protected":false},"excerpt":{"rendered":"<p>H\u00f6he: 13 cm Durchmesser: 10 cm<\/p>\n","protected":false},"featured_media":186,"template":"","meta":[],"_links":{"self":[{"href":"https:\/\/emesshop.ch\/schmuck2\/index.php\/wp-json\/wp\/v2\/product\/185"}],"collection":[{"href":"https:\/\/emesshop.ch\/schmuck2\/index.php\/wp-json\/wp\/v2\/product"}],"about":[{"href":"https:\/\/emesshop.ch\/schmuck2\/index.php\/wp-json\/wp\/v2\/types\/product"}],"wp:featuredmedia":[{"embeddable":true,"href":"https:\/\/emesshop.ch\/schmuck2\/index.php\/wp-json\/wp\/v2\/media\/186"}],"wp:attachment":[{"href":"https:\/\/emesshop.ch\/schmuck2\/index.php\/wp-json\/wp\/v2\/media?parent=185"}],"curies":[{"name":"wp","href":"https:\/\/api.w.org\/{rel}","templated":true}]}}