{"id":131,"date":"2023-06-27T15:24:03","date_gmt":"2023-06-27T15:24:03","guid":{"rendered":"https:\/\/emesshop.ch\/schmuck2\/?post_type=product&#038;p=131"},"modified":"2023-08-06T16:29:17","modified_gmt":"2023-08-06T16:29:17","slug":"silber-goettin-erdenmutter","status":"publish","type":"product","link":"https:\/\/emesshop.ch\/schmuck2\/index.php\/produkt\/silber-goettin-erdenmutter\/","title":{"rendered":"Silber-G\u00f6ttin &#8222;Erdenmutter&#8220;"},"content":{"rendered":"<div id='gallery-1' class='gallery galleryid-131 gallery-columns-3 gallery-size-thumbnail'><figure class='gallery-item'>\n\t\t\t<div class='gallery-icon landscape'>\n\t\t\t\t<a href='https:\/\/emesshop.ch\/schmuck2\/?attachment_id=133'><img width=\"150\" height=\"150\" src=\"https:\/\/emesshop.ch\/schmuck2\/wp-content\/uploads\/2023\/06\/dreifachgoettin-silber-mit-aventurin-kette-150x150.png\" class=\"attachment-thumbnail size-thumbnail\" alt=\"\" decoding=\"async\" aria-describedby=\"gallery-1-133\" loading=\"lazy\" srcset=\"https:\/\/emesshop.ch\/schmuck2\/wp-content\/uploads\/2023\/06\/dreifachgoettin-silber-mit-aventurin-kette-150x150.png 150w, https:\/\/emesshop.ch\/schmuck2\/wp-content\/uploads\/2023\/06\/dreifachgoettin-silber-mit-aventurin-kette-300x300.png 300w, https:\/\/emesshop.ch\/schmuck2\/wp-content\/uploads\/2023\/06\/dreifachgoettin-silber-mit-aventurin-kette-100x100.png 100w, https:\/\/emesshop.ch\/schmuck2\/wp-content\/uploads\/2023\/06\/dreifachgoettin-silber-mit-aventurin-kette.png 350w\" sizes=\"(max-width: 150px) 100vw, 150px\" \/><\/a>\n\t\t\t<\/div>\n\t\t\t\t<figcaption class='wp-caption-text gallery-caption' id='gallery-1-133'>\n\t\t\t\tSilber, Aventurin\n\t\t\t\t<\/figcaption><\/figure><figure class='gallery-item'>\n\t\t\t<div class='gallery-icon landscape'>\n\t\t\t\t<a href='https:\/\/emesshop.ch\/schmuck2\/?attachment_id=134'><img width=\"150\" height=\"150\" src=\"https:\/\/emesshop.ch\/schmuck2\/wp-content\/uploads\/2023\/06\/erdenmutter-hinterseite-150x150.png\" class=\"attachment-thumbnail size-thumbnail\" alt=\"\" decoding=\"async\" aria-describedby=\"gallery-1-134\" loading=\"lazy\" srcset=\"https:\/\/emesshop.ch\/schmuck2\/wp-content\/uploads\/2023\/06\/erdenmutter-hinterseite-150x150.png 150w, https:\/\/emesshop.ch\/schmuck2\/wp-content\/uploads\/2023\/06\/erdenmutter-hinterseite-300x300.png 300w, https:\/\/emesshop.ch\/schmuck2\/wp-content\/uploads\/2023\/06\/erdenmutter-hinterseite-100x100.png 100w, https:\/\/emesshop.ch\/schmuck2\/wp-content\/uploads\/2023\/06\/erdenmutter-hinterseite.png 350w\" sizes=\"(max-width: 150px) 100vw, 150px\" \/><\/a>\n\t\t\t<\/div>\n\t\t\t\t<figcaption class='wp-caption-text gallery-caption' id='gallery-1-134'>\n\t\t\t\tR\u00fcckseite\n\t\t\t\t<\/figcaption><\/figure><figure class='gallery-item'>\n\t\t\t<div class='gallery-icon landscape'>\n\t\t\t\t<a href='https:\/\/emesshop.ch\/schmuck2\/?attachment_id=135'><img width=\"150\" height=\"150\" src=\"https:\/\/emesshop.ch\/schmuck2\/wp-content\/uploads\/2023\/06\/erdenmutter-mondsymbol-silber-150x150.png\" class=\"attachment-thumbnail size-thumbnail\" alt=\"\" decoding=\"async\" loading=\"lazy\" srcset=\"https:\/\/emesshop.ch\/schmuck2\/wp-content\/uploads\/2023\/06\/erdenmutter-mondsymbol-silber-150x150.png 150w, https:\/\/emesshop.ch\/schmuck2\/wp-content\/uploads\/2023\/06\/erdenmutter-mondsymbol-silber-300x300.png 300w, https:\/\/emesshop.ch\/schmuck2\/wp-content\/uploads\/2023\/06\/erdenmutter-mondsymbol-silber-100x100.png 100w, https:\/\/emesshop.ch\/schmuck2\/wp-content\/uploads\/2023\/06\/erdenmutter-mondsymbol-silber.png 350w\" sizes=\"(max-width: 150px) 100vw, 150px\" \/><\/a>\n\t\t\t<\/div><\/figure>\n\t\t<\/div>\n\n<p>Anh\u00e4nger: L\u00e4nge 5,5 cm, auf der Vorderseite mit CZ Aventurin, auf der R\u00fcckseite CZ klar<\/p>\n<p>Kette: L\u00e4nge 80 cm, Aventurin, Mondstein, Jade und Silber<\/p>\n<p>in der wundervollen Vollmondnacht im M\u00e4rz bin ich gekommen um dich auf deinem Weg ins Licht zu begleiten \ud83d\ude42<\/p>\n<p>Die (UR)weibliche Kraft befreit sich, licht- und kraftvoll kehrt sie auf die Erde zur\u00fcck. Altes darf gehen damit neues Platz hat. F\u00fchle dich geliebt und getr\u00f6stet, die Erdenmutter und dreifach G\u00f6ttin unterst\u00fctzt dich bei Ver\u00e4nderungen im Leben.<\/p>\n<p>Jade, Mondsetin: helfen eigene Schw\u00e4chen und St\u00e4rken zu erkennen und sich selbst zu verwirklichen. Schenken Ausgeglichenheit und innere Ruhe, das f\u00f6rdert die Liebe zu sich selbst und zu anderen. Die eigene Harmonie strahlt auf die Umgebung aus und st\u00e4rkt unsere Pers\u00f6nlichkeit. Schenkt Lebenskraft und Heiterkeit @Herzchakra<\/p>\n","protected":false},"excerpt":{"rendered":"<p>Anh\u00e4nger: L\u00e4nge 5,5 cm, auf der Vorderseite mit CZ Aventurin, auf der R\u00fcckseite CZ klar Kette: L\u00e4nge 80 cm, Aventurin, Mondstein, Jade und Silber in der wundervollen Vollmondnacht im M\u00e4rz bin ich gekommen um dich auf deinem Weg ins Licht zu begleiten \ud83d\ude42 Die (UR)weibliche Kraft befreit sich, licht- und kraftvoll kehrt sie auf die<\/p>\n<div class=\"more-link\">\n             <a href=\"https:\/\/emesshop.ch\/schmuck2\/index.php\/produkt\/silber-goettin-erdenmutter\/\" class=\"btn btn-theme\">Weiterlesen<i class=\"fa fa-fw fa-long-arrow-right\"><\/i><\/a>\n        <\/div>\n","protected":false},"featured_media":132,"template":"","meta":[],"_links":{"self":[{"href":"https:\/\/emesshop.ch\/schmuck2\/index.php\/wp-json\/wp\/v2\/product\/131"}],"collection":[{"href":"https:\/\/emesshop.ch\/schmuck2\/index.php\/wp-json\/wp\/v2\/product"}],"about":[{"href":"https:\/\/emesshop.ch\/schmuck2\/index.php\/wp-json\/wp\/v2\/types\/product"}],"wp:featuredmedia":[{"embeddable":true,"href":"https:\/\/emesshop.ch\/schmuck2\/index.php\/wp-json\/wp\/v2\/media\/132"}],"wp:attachment":[{"href":"https:\/\/emesshop.ch\/schmuck2\/index.php\/wp-json\/wp\/v2\/media?parent=131"}],"curies":[{"name":"wp","href":"https:\/\/api.w.org\/{rel}","templated":true}]}}